{"id":1160,"date":"2017-01-04T11:39:36","date_gmt":"2017-01-04T11:39:36","guid":{"rendered":"http:\/\/circuit.morillasinteractive.com\/ca\/experiencias\/"},"modified":"2025-12-04T14:23:10","modified_gmt":"2025-12-04T13:23:10","slug":"experiencies","status":"publish","type":"page","link":"https:\/\/www.circuitcat.com\/ca\/experiencies\/","title":{"rendered":"Experi\u00e8ncies"},"content":{"rendered":"","protected":false},"excerpt":{"rendered":"","protected":false},"author":1,"featured_media":0,"parent":0,"menu_order":0,"comment_status":"closed","ping_status":"closed","template":"page-templates\/template-components-experiencias.php","meta":{"_acf_changed":false,"footnotes":""},"class_list":["post-1160","page","type-page","status-publish","hentry"],"acf":{"experiences_list_components":[{"acf_fc_layout":"componente_experiencias_paginado","experiences_list_title":"Experi\u00e8ncies en el Circuit","experiences_list_subtitle":"Viu una experi\u00e8ncia inoblidable en el Circuit de Barcelona-Catalunya. En tens moltes on escollir!","experiences_list_text":"El Circuit obre les seves portes als afeccionats del motor que vulguin gaudir de la velocitat amb els seus cotxes o motos particulars. Si aquest ets tu, no perdis l'oportunitat de ser el protagonista de la pista a Montmel\u00f3! Podr\u00e0s rodar amb la teva moto o amb el teu cotxe en les tandes privades.\r\n\r\nDescobreix noves perspectives amb la visita guiada al Circuit, on coneixer\u00e0s les instal\u00b7lacions i els espais restringits.\r\n\r\nSi el que vols \u00e9s millorar la teva destresa al volant, prova qualsevol dels cursos de conducci\u00f3 que s'ofereixen en el Circuit. Augmenta el teu domini de la t\u00e8cnica de frenada d'emerg\u00e8ncia amb el curs de frenada asim\u00e8trica o el curs d'obstacles i apr\u00e8n a prendre el control del cotxe despr\u00e9s d'un derrapatge amb el curs de derrapatges.\r\n\r\nEls afeccionats al ciclisme podeu entrenar en la pista del Circuit els dimarts i dijous. Gr\u00e0cies a les tandes Bicircuit, els ciclistes podreu rodar amb bicicleta de manera totalment segura i en un entorn privilegiat.\r\n\r\nAquestes experi\u00e8ncies i moltes m\u00e9s t'estan esperant en el Circuit de Barcelona-Catalunya."},{"acf_fc_layout":"componente_formulario_newsletter","form_block_title":"","form_block_width":"container","form_block_text":"Rep totes les novetats del Circuit","form_block_bg":115312,"form_block_list_select":false}]},"_links":{"self":[{"href":"https:\/\/www.circuitcat.com\/ca\/wp-json\/wp\/v2\/pages\/1160","targetHints":{"allow":["GET"]}}],"collection":[{"href":"https:\/\/www.circuitcat.com\/ca\/wp-json\/wp\/v2\/pages"}],"about":[{"href":"https:\/\/www.circuitcat.com\/ca\/wp-json\/wp\/v2\/types\/page"}],"author":[{"embeddable":true,"href":"https:\/\/www.circuitcat.com\/ca\/wp-json\/wp\/v2\/users\/1"}],"replies":[{"embeddable":true,"href":"https:\/\/www.circuitcat.com\/ca\/wp-json\/wp\/v2\/comments?post=1160"}],"version-history":[{"count":4,"href":"https:\/\/www.circuitcat.com\/ca\/wp-json\/wp\/v2\/pages\/1160\/revisions"}],"predecessor-version":[{"id":115213,"href":"https:\/\/www.circuitcat.com\/ca\/wp-json\/wp\/v2\/pages\/1160\/revisions\/115213"}],"wp:attachment":[{"href":"https:\/\/www.circuitcat.com\/ca\/wp-json\/wp\/v2\/media?parent=1160"}],"curies":[{"name":"wp","href":"https:\/\/api.w.org\/{rel}","templated":true}]}}